{"id":237,"date":"2026-03-02T14:25:33","date_gmt":"2026-03-02T13:25:33","guid":{"rendered":"https:\/\/www.damoisel.com\/?page_id=237"},"modified":"2026-04-21T17:21:52","modified_gmt":"2026-04-21T15:21:52","slug":"politique-de-vie-privee","status":"publish","type":"page","link":"https:\/\/www.damoisel.com\/fr\/politique-de-vie-privee\/","title":{"rendered":"Politique de vie priv\u00e9e"},"content":{"rendered":"<div data-elementor-type=\"wp-page\" data-elementor-id=\"237\" class=\"elementor elementor-237\" data-elementor-post-type=\"page\">\n\t\t\t\t<div class=\"elementor-element elementor-element-3064664 e-flex e-con-boxed e-con e-parent\" data-id=\"3064664\" data-element_type=\"container\" data-e-type=\"container\">\n\t\t\t\t\t<div class=\"e-con-inner\">\n\t\t\t\t<div class=\"elementor-element elementor-element-2266068 elementor-widget elementor-widget-heading\" data-id=\"2266068\" data-element_type=\"widget\" data-e-type=\"widget\" data-widget_type=\"heading.default\">\n\t\t\t\t\t<h1 class=\"elementor-heading-title elementor-size-default\">Politique de confidentialit\u00e9<\/h1>\t\t\t\t<\/div>\n\t\t\t\t<div class=\"elementor-element elementor-element-bb4de5f legal-texts elementor-widget elementor-widget-text-editor\" data-id=\"bb4de5f\" data-element_type=\"widget\" data-e-type=\"widget\" data-widget_type=\"text-editor.default\">\n\t\t\t\t\t\t\t\t\t<p data-start=\"80\" data-end=\"307\">Afin d\u2019offrir une exp\u00e9rience utilisateur appropri\u00e9e, en tant qu\u2019exploitant du site internet <a class=\"decorated-link\" href=\"http:\/\/www.damoisel.com\/fr\/\" target=\"_new\" rel=\"noopener\" data-start=\"157\" data-end=\"173\">www.damoisel.com<\/a> (ci-apr\u00e8s le \u00ab Site \u00bb), la soci\u00e9t\u00e9 DAMOISEL (ci-apr\u00e8s \u00ab Damoisel \u00bb ou \u00ab nous \u00bb) est susceptible de collecter et traiter les donn\u00e9es personnelles vous concernant.<\/p><p data-start=\"80\" data-end=\"307\">\u00a0<\/p><p data-start=\"309\" data-end=\"738\">La pr\u00e9sente politique vise \u00e0 vous informer sur les modalit\u00e9s de ce traitement, conform\u00e9ment \u00e0 la r\u00e9glementation applicable et notamment \u00e0 la loi 78-17 du 6 janvier 1978 relative \u00e0 l\u2019informatique, aux fichiers et aux libert\u00e9s et au R\u00e8glement UE 2016\/679 du 27 avril 2016 relatif \u00e0 la protection des personnes physiques \u00e0 l\u2019\u00e9gard du traitement des donn\u00e9es \u00e0 caract\u00e8re personnel et \u00e0 la libre circulation de ces donn\u00e9es (RGPD).<\/p><p data-start=\"309\" data-end=\"738\">\u00a0<\/p><p data-start=\"740\" data-end=\"998\">La pr\u00e9sente politique concerne uniquement les traitements de donn\u00e9es personnelles occasionn\u00e9s par votre navigation sur le Site ; pour les informations relatives aux traitements occasionn\u00e9s lors de la r\u00e9alisation de nos prestations, nous vous invitons \u00e0 consulter la documentation contractuelle correspondante.<\/p><p data-start=\"740\" data-end=\"998\">\u00a0<\/p><h2 data-section-id=\"1vgb4dl\" data-start=\"1000\" data-end=\"1018\">Responsable de Traitement<\/h2><p data-start=\"1020\" data-end=\"1326\">Le responsable des traitements des donn\u00e9es personnelles r\u00e9alis\u00e9s est la soci\u00e9t\u00e9 DAMOISEL, soci\u00e9t\u00e9 \u00e0 responsabilit\u00e9 limit\u00e9e au capital social de 7500 \u20ac, dont le si\u00e8ge social est situ\u00e9 au 6 AVENUE FRANKLIN D. ROOSEVELT 75008 PARIS, immatricul\u00e9e au Registre du Commerce et des Soci\u00e9t\u00e9s de Paris sous le num\u00e9ro 814 671 376.<\/p><p data-start=\"1020\" data-end=\"1326\">\u00a0<\/p><h2 data-section-id=\"h1ikry\" data-start=\"1328\" data-end=\"1372\">Traitements r\u00e9alis\u00e9s et donn\u00e9es collect\u00e9es<\/h2><p data-start=\"1374\" data-end=\"1495\">Nous pouvons \u00eatre amen\u00e9s \u00e0 traiter vos donn\u00e9es pour les finalit\u00e9s ci-dessous indiqu\u00e9es, et recueillons en cons\u00e9quence les donn\u00e9es correspondantes :<\/p><p data-start=\"1497\" data-end=\"2036\"><strong data-start=\"1497\" data-end=\"1518\">Demandes de contact.<\/strong> Nous pouvons recueillir vos donn\u00e9es d\u2019identification (nom, coordonn\u00e9es, etc) ainsi que toute information personnelle que vous choisiriez de nous confier, dans le cadre des prises de contact r\u00e9alis\u00e9es via le Site et notamment le formulaire de contact ou l\u2019outil de r\u00e9servation de rendez-vous. Ces donn\u00e9es sont trait\u00e9es sur la base de notre int\u00e9r\u00eat l\u00e9gitime \u00e0 r\u00e9pondre \u00e0 vos interrogations et vous offrir une exp\u00e9rience client satisfaisante, ou si vous cherchez \u00e0 recourir \u00e0 nos services, sur la base de l\u2019\u00e9tablissement d\u2019une relation pr\u00e9contractuelle.<\/p><p data-start=\"2038\" data-end=\"2462\"><strong data-start=\"2038\" data-end=\"2077\">Exp\u00e9rience de l'utilisateur \/ cookies de navigation.<\/strong> Des cookies strictement n\u00e9cessaires au fonctionnement du site sont susceptibles d\u2019\u00eatre d\u00e9pos\u00e9s sur le terminal de l\u2019utilisateur afin d\u2019assurer une navigation fluide et s\u00e9curis\u00e9e. Ces cookies peuvent impliquer le traitement de donn\u00e9es techniques limit\u00e9es, telles que l\u2019adresse IP ou des informations relatives \u00e0 la session de navigation. Ce traitement repose sur notre int\u00e9r\u00eat l\u00e9gitime \u00e0 garantir le bon fonctionnement du Site.<\/p><p data-start=\"2464\" data-end=\"3143\"><strong data-start=\"2464\" data-end=\"2493\">R\u00e9seaux sociaux Damoisel<\/strong> Damoisel dispose de pages officielles sur certains r\u00e9seaux sociaux (par exemple Instagram, LinkedIn) afin de pr\u00e9senter ses activit\u00e9s et d\u2019interagir avec les utilisateurs. Lorsque vous interagissez avec ces pages (abonnement, messages priv\u00e9s, commentaires, \u201clikes\u201d, etc.), Damoisel a acc\u00e8s aux informations rendues publiques par vous sur votre profil et aux donn\u00e9es n\u00e9cessaires au suivi de ces \u00e9changes (identifiant de profil, contenu des messages, etc.). Ces donn\u00e9es sont trait\u00e9es par Damoisel pour assurer la gestion de sa pr\u00e9sence en ligne et r\u00e9pondre \u00e0 vos demandes, sur la base de son int\u00e9r\u00eat l\u00e9gitime \u00e0 promouvoir ses activit\u00e9s et \u00e0 communiquer avec le public.<\/p><p data-start=\"2464\" data-end=\"3143\">\u00a0<\/p><h2 data-section-id=\"m6tv18\" data-start=\"3145\" data-end=\"3175\">Conservation et s\u00e9curit\u00e9 des donn\u00e9es<\/h2><p data-start=\"3177\" data-end=\"3405\">Vos donn\u00e9es ne sont pas conserv\u00e9es au-del\u00e0 de la dur\u00e9e l\u00e9gale ou de la dur\u00e9e n\u00e9cessaire relative \u00e0 la finalit\u00e9 de leur traitement. Nous mettons en place les mesures n\u00e9cessaires afin d\u2019assurer l\u2019int\u00e9grit\u00e9, la s\u00e9curit\u00e9, et la confidentialit\u00e9 de vos donn\u00e9es.<\/p><p data-start=\"3177\" data-end=\"3405\">\u00a0<\/p><h2 data-section-id=\"1v4twz1\" data-start=\"3407\" data-end=\"3432\">Destinataires des donn\u00e9es<\/h2><p data-start=\"3434\" data-end=\"3650\">Nous ne communiquons vos donn\u00e9es qu\u2019\u00e0 nos seuls prestataires et sous-traitants, et uniquement lorsque cela est n\u00e9cessaire au traitement (par exemple, pour la transmission de vos demandes de contact ou la r\u00e9servation de rendez-vous).<\/p><p data-start=\"3652\" data-end=\"3736\">En aucun cas nos prestataires ne pourront r\u00e9utiliser vos donn\u00e9es pour d\u2019autres finalit\u00e9s.<\/p><p data-start=\"3652\" data-end=\"3736\">\u00a0<\/p><h2 data-section-id=\"w6n5sd\" data-start=\"3738\" data-end=\"3755\">Transferts de donn\u00e9es<\/h2><p data-start=\"3757\" data-end=\"4317\">En principe, les donn\u00e9es personnelles trait\u00e9es ne font pas l\u2019objet de transferts vers des pays situ\u00e9s en dehors de l\u2019Union europ\u00e9enne ou de l\u2019Espace \u00e9conomique europ\u00e9en. Toutefois, dans l\u2019hypoth\u00e8se o\u00f9 un tel transfert serait n\u00e9cessaire, il est r\u00e9alis\u00e9 dans le respect de la r\u00e9glementation applicable en mati\u00e8re de protection des donn\u00e9es personnelles. Dans ce cadre, des garanties appropri\u00e9es sont mises en place afin d\u2019assurer un niveau de protection ad\u00e9quat des donn\u00e9es (notamment, application des clauses contractuelles types de la Commission Europ\u00e9enne pour le transfert de donn\u00e9es \u00e0 caract\u00e8re personnel vers des pays tiers).<\/p><p data-start=\"3757\" data-end=\"4317\">\u00a0<\/p><h2 data-section-id=\"1o1y903\" data-start=\"4319\" data-end=\"4337\">R\u00e9seaux sociaux<\/h2><p data-start=\"4339\" data-end=\"4789\">Lorsque vous cliquez sur les liens ou boutons de partage et renvoyant vers les r\u00e9seaux sociaux pr\u00e9sents sur le Site (par exemple Facebook, Instagram, LinkedIn), vous \u00eates redirig\u00e9 vers ces plateformes, qui appliquent leurs propres politiques de confidentialit\u00e9. \u00c0 cette occasion, le r\u00e9seau social concern\u00e9 peut \u00eatre inform\u00e9 de votre visite sur le Site et collecter certaines donn\u00e9es (donn\u00e9es de navigation, adresse IP, etc.), m\u00eame si vous ne disposez pas d\u2019un compte sur ce r\u00e9seau ou si vous n\u2019\u00eates pas connect\u00e9.<\/p><p data-start=\"4791\" data-end=\"5007\">Ces traitements sont r\u00e9alis\u00e9s sous la responsabilit\u00e9 propre des r\u00e9seaux sociaux concern\u00e9s, que nous vous invitons \u00e0 consulter pour plus d\u2019informations sur l\u2019usage de vos donn\u00e9es et l\u2019exercice de vos droits.<\/p><p data-start=\"4791\" data-end=\"5007\">\u00a0<\/p><h2 data-section-id=\"1xv6kkl\" data-start=\"5009\" data-end=\"5048\">Vos droits et comment les exercer<\/h2><p data-start=\"5050\" data-end=\"5290\">En tant que personne concern\u00e9e par les traitements ci-dessus list\u00e9s, vous disposez d\u2019un droit d\u2019acc\u00e8s \u00e0 vos donn\u00e9es personnelles, ainsi que, le cas \u00e9ch\u00e9ant, des droits de rectification, d\u2019effacement, de limitation du traitement et de portabilit\u00e9 de vos donn\u00e9es.<\/p><p data-start=\"5292\" data-end=\"5429\">Vous disposez \u00e9galement d\u2019un droit d\u2019opposition au traitement de vos donn\u00e9es personnelles, dans les conditions pr\u00e9vues par la r\u00e9glementation applicable.<\/p><p data-start=\"5431\" data-end=\"5576\">Vous pouvez exercer ces droits, ou nous poser toute question concernant vos donn\u00e9es personnelles, en nous contactant par l\u2019un ou l\u2019autre des moyens suivants :<\/p><p data-start=\"5578\" data-end=\"5759\">via le formulaire de contact figurant sur le site ;<br data-start=\"5621\" data-end=\"5624\" \/>par courrier \u00e9lectronique \u00e0 l'adresse <a class=\"decorated-link cursor-pointer\" rel=\"noopener\" data-start=\"5648\" data-end=\"5668\">contact@damoisel.com<\/a>;<br data-start=\"5669\" data-end=\"5672\" \/>par courrier \u00e0 l'adresse suivante : DAMOISEL, 6 AVENUE FRANKLIN D. ROOSEVELT 75008 PARIS.<\/p><p data-start=\"5761\" data-end=\"5927\">Vous disposez \u00e9galement du droit d\u2019introduire une r\u00e9clamation aupr\u00e8s de la Commission nationale de l\u2019informatique et des libert\u00e9s si vous estimez que vos droits ne sont pas respect\u00e9s.<\/p><p data-start=\"5929\" data-end=\"5997\">Pour plus d'informations, nous vous invitons \u00e0 visiter le site web <a class=\"decorated-link\" href=\"http:\/\/www.cnil.fr\" target=\"_new\" rel=\"noopener nofollow\" data-start=\"5986\" data-end=\"5997\">www.cnil.fr<\/a><\/p>\t\t\t\t\t\t\t\t<\/div>\n\t\t\t\t\t<\/div>\n\t\t\t\t<\/div>\n\t\t\t\t<\/div>","protected":false},"excerpt":{"rendered":"<p>Privacy policy In order to offer an appropriate user experience, as operator of the website www.damoisel.com (hereinafter the \u201cSite\u201d), the company DAMOISEL (hereinafter \u201cDamoisel\u201d or \u201cwe\u201d) may collect and process personal data concerning you. \u00a0 The purpose of this policy is to inform you about the ways in which this processing is carried out, in [&hellip;]<\/p>\n","protected":false},"author":13,"featured_media":0,"parent":0,"menu_order":0,"comment_status":"closed","ping_status":"closed","template":"","meta":{"inline_featured_image":false,"footnotes":""},"class_list":["post-237","page","type-page","status-publish","hentry"],"_links":{"self":[{"href":"https:\/\/www.damoisel.com\/fr\/wp-json\/wp\/v2\/pages\/237","targetHints":{"allow":["GET"]}}],"collection":[{"href":"https:\/\/www.damoisel.com\/fr\/wp-json\/wp\/v2\/pages"}],"about":[{"href":"https:\/\/www.damoisel.com\/fr\/wp-json\/wp\/v2\/types\/page"}],"author":[{"embeddable":true,"href":"https:\/\/www.damoisel.com\/fr\/wp-json\/wp\/v2\/users\/13"}],"replies":[{"embeddable":true,"href":"https:\/\/www.damoisel.com\/fr\/wp-json\/wp\/v2\/comments?post=237"}],"version-history":[{"count":16,"href":"https:\/\/www.damoisel.com\/fr\/wp-json\/wp\/v2\/pages\/237\/revisions"}],"predecessor-version":[{"id":1513,"href":"https:\/\/www.damoisel.com\/fr\/wp-json\/wp\/v2\/pages\/237\/revisions\/1513"}],"wp:attachment":[{"href":"https:\/\/www.damoisel.com\/fr\/wp-json\/wp\/v2\/media?parent=237"}],"curies":[{"name":"wp","href":"https:\/\/api.w.org\/{rel}","templated":true}]}}