{"id":234,"date":"2026-03-02T14:25:03","date_gmt":"2026-03-02T13:25:03","guid":{"rendered":"https:\/\/www.damoisel.com\/?page_id=234"},"modified":"2026-04-21T17:24:36","modified_gmt":"2026-04-21T15:24:36","slug":"mentions-legales","status":"publish","type":"page","link":"https:\/\/www.damoisel.com\/fr\/mentions-legales\/","title":{"rendered":"Mentions l\u00e9gales"},"content":{"rendered":"<div data-elementor-type=\"wp-page\" data-elementor-id=\"234\" class=\"elementor elementor-234\" data-elementor-post-type=\"page\">\n\t\t\t\t<div class=\"elementor-element elementor-element-e33ea50 e-flex e-con-boxed e-con e-parent\" data-id=\"e33ea50\" data-element_type=\"container\" data-e-type=\"container\">\n\t\t\t\t\t<div class=\"e-con-inner\">\n\t\t\t\t<div class=\"elementor-element elementor-element-2d8b8ec elementor-widget elementor-widget-heading\" data-id=\"2d8b8ec\" data-element_type=\"widget\" data-e-type=\"widget\" data-widget_type=\"heading.default\">\n\t\t\t\t\t<h1 class=\"elementor-heading-title elementor-size-default\">Mentions l\u00e9gales<\/h1>\t\t\t\t<\/div>\n\t\t\t\t<div class=\"elementor-element elementor-element-e1b2773 legal-texts elementor-widget elementor-widget-text-editor\" data-id=\"e1b2773\" data-element_type=\"widget\" data-e-type=\"widget\" data-widget_type=\"text-editor.default\">\n\t\t\t\t\t\t\t\t\t<h2 data-section-id=\"1bithc3\" data-start=\"80\" data-end=\"120\">\u00c9diteur du site \/ Directeur de la publication<\/h2><p data-start=\"122\" data-end=\"459\">Le site web <a class=\"decorated-link\" href=\"http:\/\/www.damoisel.com\/fr\/\" target=\"_new\" rel=\"noopener\" data-start=\"134\" data-end=\"150\">www.damoisel.com<\/a> (ci-apr\u00e8s le \u00ab Site \u00bb) et tous ses sous-domaines sont exploit\u00e9s par la soci\u00e9t\u00e9 DAMOISEL, soci\u00e9t\u00e9 \u00e0 responsabilit\u00e9 limit\u00e9e au capital social de 7500 \u20ac, dont le si\u00e8ge social est situ\u00e9 au 6 AVENUE FRANKLIN D. ROOSEVELT 75008 PARIS, immatricul\u00e9e au Registre du Commerce et des Soci\u00e9t\u00e9s de Paris sous le num\u00e9ro 814 671 376<\/p><p data-start=\"461\" data-end=\"720\">Notre directrice de la publication est Mme Sarah LATROUS et notre num\u00e9ro de TVA est le FR06814671376. Vous pouvez nous contacter par le biais du formulaire de contact sur le Site, en \u00e9crivant \u00e0 l\u2019adresse email <a class=\"decorated-link cursor-pointer\" rel=\"noopener\" data-start=\"637\" data-end=\"657\">contact@damoisel.com<\/a>, ou par t\u00e9l\u00e9phone au num\u00e9ro suivant : +33 (0) 950 090 989.<\/p><p data-start=\"722\" data-end=\"759\">Cr\u00e9dits photos : \u00a9Damoisel, GettyImages<\/p><p data-start=\"722\" data-end=\"759\">\u00a0<\/p><h2 data-section-id=\"2x3y26\" data-start=\"761\" data-end=\"773\">H\u00e9bergeur du site<\/h2><p data-start=\"775\" data-end=\"797\">Le site est h\u00e9berg\u00e9 par :<\/p><p data-start=\"799\" data-end=\"818\">Hetzner Online GmbH<\/p><p data-start=\"820\" data-end=\"865\">Industriestr. 25, 91710 Gunzenhausen, Allemagne<\/p><p data-start=\"867\" data-end=\"890\">T\u00e9l : +49 (0)9831 505-0<\/p><p data-start=\"892\" data-end=\"914\">Fax : +49 (0)9831 505-3<\/p><p data-start=\"916\" data-end=\"932\"><a class=\"decorated-link cursor-pointer\" rel=\"noopener\" data-start=\"916\" data-end=\"932\">info@hetzner.com<\/a><\/p><p data-start=\"916\" data-end=\"932\">\u00a0<\/p><h2 data-section-id=\"pfdqim\" data-start=\"934\" data-end=\"958\">Propri\u00e9t\u00e9 intellectuelle<\/h2><p data-start=\"960\" data-end=\"1334\">Tous les \u00e9l\u00e9ments du Site, pris dans leur globalit\u00e9 ou individuellement, sont la propri\u00e9t\u00e9 de la soci\u00e9t\u00e9 DAMOISEL, \u00e0 l\u2019exception de Toute reproduction ou repr\u00e9sentation d\u2019un de ces \u00e9l\u00e9ments est strictement interdite, sans l\u2019autorisation expresse et pr\u00e9alable de la soci\u00e9t\u00e9 DAMOISEL et est susceptible de constituer une contrefa\u00e7on au sens du Code de la propri\u00e9t\u00e9 intellectuelle.<\/p><p data-start=\"960\" data-end=\"1334\">\u00a0<\/p><h2 data-section-id=\"1wguot9\" data-start=\"1336\" data-end=\"1354\">Liens hypertextes<\/h2><p data-start=\"1356\" data-end=\"1567\">Le Site peut contenir des liens vers des sites ou services tiers, notamment vers des r\u00e9seaux sociaux. Ces sites sont exploit\u00e9s par des tiers et DAMOISEL n\u2019exerce aucun contr\u00f4le sur ces sites ni sur leurs contenus.<\/p><p data-start=\"1569\" data-end=\"1828\">En cons\u00e9quence, DAMOISEL ne saurait \u00eatre tenue responsable du contenu, des fonctionnalit\u00e9s, des publicit\u00e9s, des produits, des services ou de tout autre \u00e9l\u00e9ment disponible sur ou \u00e0 partir de ces sites ou sources externes, ni des dommages de quelque nature que ce soit pouvant r\u00e9sulter de leur utilisation.<\/p><p data-start=\"1569\" data-end=\"1828\">\u00a0<\/p><h2 data-section-id=\"twm3f4\" data-start=\"1830\" data-end=\"1863\">Immatriculation ATOUT France<\/h2><p data-start=\"1865\" data-end=\"2000\">Notre soci\u00e9t\u00e9 DAMOISEL est immatricul\u00e9e au registre des op\u00e9rateurs de voyages et de s\u00e9jours tenu par ATOUT France sous le num\u00e9ro IM075260008.<\/p>\t\t\t\t\t\t\t\t<\/div>\n\t\t\t\t\t<\/div>\n\t\t\t\t<\/div>\n\t\t\t\t<\/div>","protected":false},"excerpt":{"rendered":"<p>Legal notice Site publisher \/ Publication director The website www.damoisel.com (hereinafter the \u201cSite\u201d) and all its subdomains are operated by the company DAMOISEL, a limited liability company with a share capital of \u20ac7,500, whose registered office is located at 6 AVENUE FRANKLIN D. ROOSEVELT 75008 PARIS, registered with the Paris Trade and Companies Register under [&hellip;]<\/p>\n","protected":false},"author":13,"featured_media":0,"parent":0,"menu_order":0,"comment_status":"closed","ping_status":"closed","template":"","meta":{"inline_featured_image":false,"footnotes":""},"class_list":["post-234","page","type-page","status-publish","hentry"],"_links":{"self":[{"href":"https:\/\/www.damoisel.com\/fr\/wp-json\/wp\/v2\/pages\/234","targetHints":{"allow":["GET"]}}],"collection":[{"href":"https:\/\/www.damoisel.com\/fr\/wp-json\/wp\/v2\/pages"}],"about":[{"href":"https:\/\/www.damoisel.com\/fr\/wp-json\/wp\/v2\/types\/page"}],"author":[{"embeddable":true,"href":"https:\/\/www.damoisel.com\/fr\/wp-json\/wp\/v2\/users\/13"}],"replies":[{"embeddable":true,"href":"https:\/\/www.damoisel.com\/fr\/wp-json\/wp\/v2\/comments?post=234"}],"version-history":[{"count":16,"href":"https:\/\/www.damoisel.com\/fr\/wp-json\/wp\/v2\/pages\/234\/revisions"}],"predecessor-version":[{"id":1516,"href":"https:\/\/www.damoisel.com\/fr\/wp-json\/wp\/v2\/pages\/234\/revisions\/1516"}],"wp:attachment":[{"href":"https:\/\/www.damoisel.com\/fr\/wp-json\/wp\/v2\/media?parent=234"}],"curies":[{"name":"wp","href":"https:\/\/api.w.org\/{rel}","templated":true}]}}